{"id":1602,"date":"2021-01-08T12:30:19","date_gmt":"2021-01-08T11:30:19","guid":{"rendered":"https:\/\/chocolu.pl\/fundusze-europejskie\/"},"modified":"2022-07-20T12:37:50","modified_gmt":"2022-07-20T10:37:50","slug":"european-funds","status":"publish","type":"page","link":"https:\/\/chocolu.pl\/en\/european-funds\/","title":{"rendered":"European funds"},"content":{"rendered":"<p>[spb_row element_name=&#8221;Row&#8221; wrap_type=&#8221;content-width&#8221; parallax_image_height=&#8221;content-height&#8221; parallax_image_movement=&#8221;fixed&#8221; parallax_image_speed=&#8221;0.5&#8243; bg_video_loop=&#8221;yes&#8221; parallax_video_height=&#8221;window-height&#8221; parallax_video_overlay=&#8221;none&#8221; row_overlay_opacity=&#8221;0&#8243; row_col_pos=&#8221;default&#8221; width=&#8221;1\/1&#8243; el_position=&#8221;first last&#8221;] [spb_text_block animation=&#8221;none&#8221; animation_delay=&#8221;0&#8243; simplified_controls=&#8221;yes&#8221; custom_css_percentage=&#8221;no&#8221; padding_vertical=&#8221;0&#8243; padding_horizontal=&#8221;0&#8243; margin_vertical=&#8221;0&#8243; custom_css=&#8221;margin-top: 0px;margin-bottom: 0px;&#8221; border_size=&#8221;0&#8243; border_styling_global=&#8221;default&#8221; width=&#8221;1\/1&#8243; el_position=&#8221;first last&#8221;]<\/p>\n<p>The project \u201eRozw\u00f3j Cukierni Staropolskiej poprzez wprowadzenie innowacyjnych wyrob\u00f3w cukierniczych b\u0119d\u0105cych wynikiem prac B+R\u201d implemented under Measure 3.7 Increasing the competitiveness of M\u015aP Regionalnego Programu Operacyjnego Wojew\u00f3dztwa Lubelskiego.<\/p>\n<p>&nbsp;<\/p>\n<p>The main goal of the project is to implement the results of B+R works in the field of smart specialization of the region, i.e. medicine and health, by launching the production of 4 innovative high-quality confectionery products on a national scale with pro-health values and increasing the competitiveness and development potential of the Cukiernia Staropolska Tomasz Macho\u0144 in the period from 01\/03\/2020 to 30\/12\/2021.<\/p>\n<p>&nbsp;<\/p>\n<p>The Cukiernia Staropolska will implement the results of research and development works under the project, including 4 product innovations on a national scale and 1 non-technological marketing innovation (supporting the sale and promotion of new products) based on information and communication technologies. The confectionery will also expand its export activities by selling a new product on the new German market and will increase employment. As a result of the actions taken, revenues will increase.<\/p>\n<p>&nbsp;<\/p>\n<p>Project value: PLN 1,073,298.00<\/p>\n<p>Contribution of European Funds: PLN 610,820.00<\/p>\n<p>[\/spb_text_block] [\/spb_row]<\/p>\n","protected":false},"excerpt":{"rendered":"<p>[spb_row element_name=&#8221;Row&#8221; wrap_type=&#8221;content-width&#8221; parallax_image_height=&#8221;content-height&#8221; parallax_image_movement=&#8221;fixed&#8221; parallax_image_speed=&#8221;0.5&#8243; bg_video_loop=&#8221;yes&#8221; parallax_video_height=&#8221;window-height&#8221; parallax_video_overlay=&#8221;none&#8221; row_overlay_opacity=&#8221;0&#8243; row_col_pos=&#8221;default&#8221; width=&#8221;1\/1&#8243; el_position=&#8221;first last&#8221;] [spb_text_block animation=&#8221;none&#8221; animation_delay=&#8221;0&#8243; simplified_controls=&#8221;yes&#8221; custom_css_percentage=&#8221;no&#8221; padding_vertical=&#8221;0&#8243; padding_horizontal=&#8221;0&#8243; margin_vertical=&#8221;0&#8243; custom_css=&#8221;margin-top: 0px;margin-bottom: 0px;&#8221; border_size=&#8221;0&#8243; border_styling_global=&#8221;default&#8221; width=&#8221;1\/1&#8243; el_position=&#8221;first last&#8221;] The project \u201eRozw\u00f3j Cukierni Staropolskiej poprzez wprowadzenie innowacyjnych wyrob\u00f3w cukierniczych b\u0119d\u0105cych wynikiem prac B+R\u201d implemented under Measure 3.7 Increasing the competitiveness of M\u015aP Regionalnego Programu Operacyjnego Wojew\u00f3dztwa Lubelskiego. &nbsp; The [&hellip;]<\/p>\n","protected":false},"author":1,"featured_media":0,"parent":0,"menu_order":0,"comment_status":"closed","ping_status":"closed","template":"","meta":{"footnotes":""},"yoast_head":"<!-- This site is optimized with the Yoast SEO plugin v21.4 - https:\/\/yoast.com\/wordpress\/plugins\/seo\/ -->\n<title>European funds - Chocolu<\/title>\n<meta name=\"robots\" content=\"index, follow, max-snippet:-1, max-image-preview:large, max-video-preview:-1\" \/>\n<link rel=\"canonical\" href=\"https:\/\/chocolu.pl\/en\/european-funds\/\" \/>\n<meta property=\"og:locale\" content=\"en_US\" \/>\n<meta property=\"og:type\" content=\"article\" \/>\n<meta property=\"og:title\" content=\"European funds - Chocolu\" \/>\n<meta property=\"og:description\" content=\"[spb_row element_name=&#8221;Row&#8221; wrap_type=&#8221;content-width&#8221; parallax_image_height=&#8221;content-height&#8221; parallax_image_movement=&#8221;fixed&#8221; parallax_image_speed=&#8221;0.5&#8243; bg_video_loop=&#8221;yes&#8221; parallax_video_height=&#8221;window-height&#8221; parallax_video_overlay=&#8221;none&#8221; row_overlay_opacity=&#8221;0&#8243; row_col_pos=&#8221;default&#8221; width=&#8221;1\/1&#8243; el_position=&#8221;first last&#8221;] [spb_text_block animation=&#8221;none&#8221; animation_delay=&#8221;0&#8243; simplified_controls=&#8221;yes&#8221; custom_css_percentage=&#8221;no&#8221; padding_vertical=&#8221;0&#8243; padding_horizontal=&#8221;0&#8243; margin_vertical=&#8221;0&#8243; custom_css=&#8221;margin-top: 0px;margin-bottom: 0px;&#8221; border_size=&#8221;0&#8243; border_styling_global=&#8221;default&#8221; width=&#8221;1\/1&#8243; el_position=&#8221;first last&#8221;] The project \u201eRozw\u00f3j Cukierni Staropolskiej poprzez wprowadzenie innowacyjnych wyrob\u00f3w cukierniczych b\u0119d\u0105cych wynikiem prac B+R\u201d implemented under Measure 3.7 Increasing the competitiveness of M\u015aP Regionalnego Programu Operacyjnego Wojew\u00f3dztwa Lubelskiego. &nbsp; The [&hellip;]\" \/>\n<meta property=\"og:url\" content=\"https:\/\/chocolu.pl\/en\/european-funds\/\" \/>\n<meta property=\"og:site_name\" content=\"Chocolu\" \/>\n<meta property=\"article:modified_time\" content=\"2022-07-20T10:37:50+00:00\" \/>\n<meta name=\"twitter:card\" content=\"summary_large_image\" \/>\n<meta name=\"twitter:label1\" content=\"Est. reading time\" \/>\n\t<meta name=\"twitter:data1\" content=\"2 minutes\" \/>\n<script type=\"application\/ld+json\" class=\"yoast-schema-graph\">{\"@context\":\"https:\/\/schema.org\",\"@graph\":[{\"@type\":\"WebPage\",\"@id\":\"https:\/\/chocolu.pl\/en\/european-funds\/\",\"url\":\"https:\/\/chocolu.pl\/en\/european-funds\/\",\"name\":\"European funds - Chocolu\",\"isPartOf\":{\"@id\":\"https:\/\/chocolu.pl\/en\/#website\"},\"datePublished\":\"2021-01-08T11:30:19+00:00\",\"dateModified\":\"2022-07-20T10:37:50+00:00\",\"breadcrumb\":{\"@id\":\"https:\/\/chocolu.pl\/en\/european-funds\/#breadcrumb\"},\"inLanguage\":\"en-US\",\"potentialAction\":[{\"@type\":\"ReadAction\",\"target\":[\"https:\/\/chocolu.pl\/en\/european-funds\/\"]}]},{\"@type\":\"BreadcrumbList\",\"@id\":\"https:\/\/chocolu.pl\/en\/european-funds\/#breadcrumb\",\"itemListElement\":[{\"@type\":\"ListItem\",\"position\":1,\"name\":\"Strona g\u0142\u00f3wna\",\"item\":\"https:\/\/chocolu.pl\/en\/\"},{\"@type\":\"ListItem\",\"position\":2,\"name\":\"European funds\"}]},{\"@type\":\"WebSite\",\"@id\":\"https:\/\/chocolu.pl\/en\/#website\",\"url\":\"https:\/\/chocolu.pl\/en\/\",\"name\":\"Chocolu\",\"description\":\"\",\"publisher\":{\"@id\":\"https:\/\/chocolu.pl\/en\/#organization\"},\"potentialAction\":[{\"@type\":\"SearchAction\",\"target\":{\"@type\":\"EntryPoint\",\"urlTemplate\":\"https:\/\/chocolu.pl\/en\/?s={search_term_string}\"},\"query-input\":\"required name=search_term_string\"}],\"inLanguage\":\"en-US\"},{\"@type\":\"Organization\",\"@id\":\"https:\/\/chocolu.pl\/en\/#organization\",\"name\":\"Chocolu\",\"url\":\"https:\/\/chocolu.pl\/en\/\",\"logo\":{\"@type\":\"ImageObject\",\"inLanguage\":\"en-US\",\"@id\":\"https:\/\/chocolu.pl\/en\/#\/schema\/logo\/image\/\",\"url\":\"https:\/\/chocolu.pl\/wp-content\/uploads\/2020\/09\/logo_light-1.svg\",\"contentUrl\":\"https:\/\/chocolu.pl\/wp-content\/uploads\/2020\/09\/logo_light-1.svg\",\"width\":500,\"height\":75,\"caption\":\"Chocolu\"},\"image\":{\"@id\":\"https:\/\/chocolu.pl\/en\/#\/schema\/logo\/image\/\"}}]}<\/script>\n<!-- \/ Yoast SEO plugin. -->","yoast_head_json":{"title":"European funds - Chocolu","robots":{"index":"index","follow":"follow","max-snippet":"max-snippet:-1","max-image-preview":"max-image-preview:large","max-video-preview":"max-video-preview:-1"},"canonical":"https:\/\/chocolu.pl\/en\/european-funds\/","og_locale":"en_US","og_type":"article","og_title":"European funds - Chocolu","og_description":"[spb_row element_name=&#8221;Row&#8221; wrap_type=&#8221;content-width&#8221; parallax_image_height=&#8221;content-height&#8221; parallax_image_movement=&#8221;fixed&#8221; parallax_image_speed=&#8221;0.5&#8243; bg_video_loop=&#8221;yes&#8221; parallax_video_height=&#8221;window-height&#8221; parallax_video_overlay=&#8221;none&#8221; row_overlay_opacity=&#8221;0&#8243; row_col_pos=&#8221;default&#8221; width=&#8221;1\/1&#8243; el_position=&#8221;first last&#8221;] [spb_text_block animation=&#8221;none&#8221; animation_delay=&#8221;0&#8243; simplified_controls=&#8221;yes&#8221; custom_css_percentage=&#8221;no&#8221; padding_vertical=&#8221;0&#8243; padding_horizontal=&#8221;0&#8243; margin_vertical=&#8221;0&#8243; custom_css=&#8221;margin-top: 0px;margin-bottom: 0px;&#8221; border_size=&#8221;0&#8243; border_styling_global=&#8221;default&#8221; width=&#8221;1\/1&#8243; el_position=&#8221;first last&#8221;] The project \u201eRozw\u00f3j Cukierni Staropolskiej poprzez wprowadzenie innowacyjnych wyrob\u00f3w cukierniczych b\u0119d\u0105cych wynikiem prac B+R\u201d implemented under Measure 3.7 Increasing the competitiveness of M\u015aP Regionalnego Programu Operacyjnego Wojew\u00f3dztwa Lubelskiego. &nbsp; The [&hellip;]","og_url":"https:\/\/chocolu.pl\/en\/european-funds\/","og_site_name":"Chocolu","article_modified_time":"2022-07-20T10:37:50+00:00","twitter_card":"summary_large_image","twitter_misc":{"Est. reading time":"2 minutes"},"schema":{"@context":"https:\/\/schema.org","@graph":[{"@type":"WebPage","@id":"https:\/\/chocolu.pl\/en\/european-funds\/","url":"https:\/\/chocolu.pl\/en\/european-funds\/","name":"European funds - Chocolu","isPartOf":{"@id":"https:\/\/chocolu.pl\/en\/#website"},"datePublished":"2021-01-08T11:30:19+00:00","dateModified":"2022-07-20T10:37:50+00:00","breadcrumb":{"@id":"https:\/\/chocolu.pl\/en\/european-funds\/#breadcrumb"},"inLanguage":"en-US","potentialAction":[{"@type":"ReadAction","target":["https:\/\/chocolu.pl\/en\/european-funds\/"]}]},{"@type":"BreadcrumbList","@id":"https:\/\/chocolu.pl\/en\/european-funds\/#breadcrumb","itemListElement":[{"@type":"ListItem","position":1,"name":"Strona g\u0142\u00f3wna","item":"https:\/\/chocolu.pl\/en\/"},{"@type":"ListItem","position":2,"name":"European funds"}]},{"@type":"WebSite","@id":"https:\/\/chocolu.pl\/en\/#website","url":"https:\/\/chocolu.pl\/en\/","name":"Chocolu","description":"","publisher":{"@id":"https:\/\/chocolu.pl\/en\/#organization"},"potentialAction":[{"@type":"SearchAction","target":{"@type":"EntryPoint","urlTemplate":"https:\/\/chocolu.pl\/en\/?s={search_term_string}"},"query-input":"required name=search_term_string"}],"inLanguage":"en-US"},{"@type":"Organization","@id":"https:\/\/chocolu.pl\/en\/#organization","name":"Chocolu","url":"https:\/\/chocolu.pl\/en\/","logo":{"@type":"ImageObject","inLanguage":"en-US","@id":"https:\/\/chocolu.pl\/en\/#\/schema\/logo\/image\/","url":"https:\/\/chocolu.pl\/wp-content\/uploads\/2020\/09\/logo_light-1.svg","contentUrl":"https:\/\/chocolu.pl\/wp-content\/uploads\/2020\/09\/logo_light-1.svg","width":500,"height":75,"caption":"Chocolu"},"image":{"@id":"https:\/\/chocolu.pl\/en\/#\/schema\/logo\/image\/"}}]}},"_links":{"self":[{"href":"https:\/\/chocolu.pl\/en\/wp-json\/wp\/v2\/pages\/1602"}],"collection":[{"href":"https:\/\/chocolu.pl\/en\/wp-json\/wp\/v2\/pages"}],"about":[{"href":"https:\/\/chocolu.pl\/en\/wp-json\/wp\/v2\/types\/page"}],"author":[{"embeddable":true,"href":"https:\/\/chocolu.pl\/en\/wp-json\/wp\/v2\/users\/1"}],"replies":[{"embeddable":true,"href":"https:\/\/chocolu.pl\/en\/wp-json\/wp\/v2\/comments?post=1602"}],"version-history":[{"count":2,"href":"https:\/\/chocolu.pl\/en\/wp-json\/wp\/v2\/pages\/1602\/revisions"}],"predecessor-version":[{"id":1660,"href":"https:\/\/chocolu.pl\/en\/wp-json\/wp\/v2\/pages\/1602\/revisions\/1660"}],"wp:attachment":[{"href":"https:\/\/chocolu.pl\/en\/wp-json\/wp\/v2\/media?parent=1602"}],"curies":[{"name":"wp","href":"https:\/\/api.w.org\/{rel}","templated":true}]}}